{"id":1140,"date":"2023-10-10T00:18:13","date_gmt":"2023-10-10T00:18:13","guid":{"rendered":"https:\/\/sufae.com\/?page_id=1140"},"modified":"2023-10-10T00:18:13","modified_gmt":"2023-10-10T00:18:13","slug":"termes-et-conditions","status":"publish","type":"page","link":"https:\/\/tonicip.com\/de\/termes-et-conditions\/","title":{"rendered":"Gesch\u00e4ftsbedingungen"},"content":{"rendered":"<p>Allgemeine Gesch\u00e4ftsbedingungen von Sufae.com f\u00fcr von Sufae.com vertriebene Geschenkkarten und Online-Werbebedingungen.<\/p>\n\n\n\n<p>Wir empfehlen Ihnen, diese Bedingungen sorgf\u00e4ltig zu lesen, bevor Sie eine Geschenkkarte verwenden oder einen Aktionskauf t\u00e4tigen. Wenn Sie diesen Bedingungen nicht zustimmen, t\u00e4tigen Sie bitte keinen Kauf.<\/p>\n\n\n\n<h2 class=\"wp-block-heading\">GESCHENKKARTEN DES EINZELHANDELS, DIE ZU WERBEZWECKEN VERKAUFT WERDEN<\/h2>\n\n\n\n<p>Sufae.com bietet gelegentlich Aktionen oder Sonderangebote f\u00fcr den Kauf von Geschenkkarten an. Die jeweils geltenden Bedingungen finden Sie auf den Websites in der N\u00e4he der jeweiligen Aktionsbeschreibung.<\/p>\n\n\n\n<p>Das Ablaufdatum einer Geschenkkarte ist auf der Geschenkkarte selbst oder auf der Kartenr\u00fcckseite in Ihrem digitalen Portemonnaie angegeben. Bitte beachten Sie das Ablaufdatum, um sicherzustellen, dass Sie Ihre Geschenkkarte innerhalb der angegebenen G\u00fcltigkeitsdauer einl\u00f6sen.<\/p>\n\n\n\n<p>Sofern vom jeweiligen H\u00e4ndler nicht anders angegeben, k\u00f6nnen Geschenkkarten des H\u00e4ndlers nicht gegen Bargeld eingel\u00f6st werden.<\/p>\n\n\n\n<p>Jede von Ihnen gekaufte Geschenkkarte wird als separate Geschenkkarte aufgef\u00fchrt. Wenn Sie zwei Geschenkkarten beim selben H\u00e4ndler kaufen, enth\u00e4lt Ihr Wallet zwei Geschenkkarten.<\/p>\n\n\n\n<p>Sufae.com haftet nicht f\u00fcr Verlust, Diebstahl, Zerst\u00f6rung oder unbefugte Nutzung einer Geschenkkarte. Sufae.com haftet nicht, wenn eine Geschenkkarte ohne Verschulden von Sufae.com unbrauchbar wird. Sollten Sie Ihre Geschenkkarte verloren oder verlegt haben und das Guthaben nicht ausgegeben oder vom urspr\u00fcnglichen Betrag abgebucht worden sein, senden Sie uns bitte eine E-Mail an info@sufae.com. Wir senden Ihnen dann eine Ersatzkarte zu, sofern die verlorene oder verlegte Geschenkkarte bei Sufae.com registriert ist und wir das verwendete Restguthaben best\u00e4tigen k\u00f6nnen.<\/p>\n\n\n\n<h2 class=\"wp-block-heading\">SUFAE.COM ELEKTRONISCHE (DIGITALE) GESCHENKKARTEN<\/h2>\n\n\n\n<p>Sie k\u00f6nnen den auf Sufae.com-Geschenkkarten gespeicherten Geldwert gegen H\u00e4ndler-Geschenkkarten zum gleichen Betrag eintauschen, die auf den Websites erh\u00e4ltlich sind. Wenn Sie eine H\u00e4ndler-Geschenkkarte mit einem h\u00f6heren Geldwert als Ihre Sufae.com-Geschenkkarte kaufen m\u00f6chten, m\u00fcssen Sie den Restbetrag an Sufae.com zahlen, um Ihren Einkauf an der Kasse abzuschlie\u00dfen.<\/p>\n\n\n\n<p>Wenn Sie am selben Tag mehrere Sufae.com-Geschenkkarten kaufen, darf der Gesamtbetrag, den Sie auf alle Karten laden, 500\u00a0\u20ac nicht \u00fcberschreiten.<\/p>\n\n\n\n<p>F\u00fcr die digitale Geschenkkarte von Sufae.com fallen keine Geb\u00fchren an. Wenn Sie sich jedoch f\u00fcr den Kauf einer physischen Geschenkkarte entscheiden, m\u00fcssen Sie eine Ausstellungsgeb\u00fchr von 4,95 \u20ac bezahlen.<\/p>\n\n\n\n<p>Sufae.com-Geschenkkarten haben eine G\u00fcltigkeit von 36 Monaten und k\u00f6nnen bei einem H\u00e4ndler ihrer Wahl eingel\u00f6st werden. Sobald die neue(n) H\u00e4ndler-Geschenkkarte(n) ausgew\u00e4hlt wurden, gelten neue Ablaufdaten und die Allgemeinen Gesch\u00e4ftsbedingungen f\u00fcr die ausgew\u00e4hlte(n) H\u00e4ndler-Geschenkkarte(n). Sufae.com-Geschenkkarten k\u00f6nnen nicht gegen Bargeld eingel\u00f6st werden und es erfolgt keine R\u00fcckerstattung (au\u00dfer bei gesetzlicher Verpflichtung).<\/p>\n\n\n\n<h2 class=\"wp-block-heading\">Annahme der Karte und Akzeptanz dieser Nutzungsbedingungen<\/h2>\n\n\n\n<p>Mit der Nutzung der Karte erkl\u00e4ren Sie sich mit diesen Bedingungen einverstanden. Sie m\u00fcssen diese Bedingungen dem Kartennutzer aush\u00e4ndigen, falls dieser nicht Sie selbst ist. Die Karte bleibt unser Eigentum.<\/p>\n\n\n\n<h2 class=\"wp-block-heading\">Erstellung und Nutzung des Kontos<\/h2>\n\n\n\n<p>Um bestimmte Funktionen der Dienste nutzen zu k\u00f6nnen, m\u00fcssen Sie m\u00f6glicherweise ein Konto erstellen und bestimmte Informationen angeben, darunter eine g\u00fcltige E-Mail-Adresse, Mobiltelefonnummer usw. Sie verpflichten sich, genaue, aktuelle und vollst\u00e4ndige Informationen bereitzustellen und die Vertraulichkeit der \u00fcber \u201eMein Konto\/Profil\u201c und Ihre Kontoanmeldeinformationen \u00fcbermittelten Informationen zu wahren. Au\u00dferdem verpflichten Sie sich, den Zugriff auf Ihr Ger\u00e4t einzuschr\u00e4nken, um die \u00dcbertragung Ihrer Kontoinformationen an andere Nutzer zu verhindern. Sie \u00fcbernehmen die Verantwortung f\u00fcr alle Aktivit\u00e4ten, die \u00fcber \u201eMein Konto\/Profil\u201c oder Ihre Kontoanmeldeinformationen erfolgen. Sie d\u00fcrfen das Konto einer anderen Person nicht ohne deren Zustimmung verwenden. Wir behalten uns das Recht vor, Ihr Konto zu sperren oder zu k\u00fcndigen, von Ihnen auf der Website \u00fcbermittelte Inhalte zu entfernen oder zu bearbeiten oder wenn wir den Verdacht einer betr\u00fcgerischen oder unbefugten Nutzung Ihres Kontos haben.<\/p>\n\n\n\n<h2 class=\"wp-block-heading\">Inhalt<\/h2>\n\n\n\n<p>Alle Namen, Titel, Logos und Designs auf den Sufae-Websites oder auf Sufae, die unsere Produkte und Marken kennzeichnen, einschlie\u00dflich aller abgeleiteten und verwandten Zeichen, Titel, Logos und Designs, sind Marken und alleiniges und ausschlie\u00dfliches Eigentum der Sufae Group. Alle anderen Namen, Titel, Logos und Designs auf unseren Plattformen sind Eigentum ihrer jeweiligen Inhaber.<\/p>\n\n\n\n<p>Die Verwendung jeglicher auf den Websites von Sufae erscheinender Marken ohne die ausdr\u00fcckliche schriftliche Zustimmung des Markeninhabers ist streng verboten.<\/p>\n\n\n\n<p>Sufae-Websites enthalten urheberrechtlich gesch\u00fctzte Materialien, Marken und andere gesch\u00fctzte Informationen, einschlie\u00dflich, aber nicht beschr\u00e4nkt auf Texte, Fotos, Grafiken, Bilder, Illustrationen, Audio- und Videodateien sowie s\u00e4mtliche Inhalte auf den Plattformen. Diese Materialien sind als Sammelwerk und\/oder Zusammenstellung gem\u00e4\u00df den Gesetzen des Golfkooperationsrats, internationalen Konventionen und anderen Urheberrechtsgesetzen urheberrechtlich gesch\u00fctzt. Jede unbefugte Nutzung oder Vervielf\u00e4ltigung urheberrechtlich gesch\u00fctzter Materialien oder Marken auf unseren Plattformen ist strengstens untersagt.<\/p>\n\n\n\n<h2 class=\"wp-block-heading\">Nutzung unserer Plattformen<\/h2>\n\n\n\n<p>Sie d\u00fcrfen unsere Websites nur f\u00fcr rechtm\u00e4\u00dfige Zwecke und in \u00dcbereinstimmung mit diesen Nutzungsbedingungen nutzen. Sie d\u00fcrfen unsere Plattformen nicht in einer Weise nutzen, die unsere Server oder Netzwerke besch\u00e4digen, deaktivieren, \u00fcberlasten oder beeintr\u00e4chtigen oder den Zugriff anderer Nutzer auf unsere Plattformen beeintr\u00e4chtigen k\u00f6nnte. Sie d\u00fcrfen nicht versuchen, sich unbefugten Zugriff auf unsere Plattformen oder ein mit unseren Plattformen verbundenes Konto, einen Server oder ein Netzwerk zu verschaffen. Sie verpflichten sich, unsere Plattformen nicht zu nutzen, um eine Person oder Organisation zu bel\u00e4stigen, zu diffamieren oder sich als diese auszugeben.<\/p>\n\n\n\n<h2 class=\"wp-block-heading\">Links zu Drittanbietern<\/h2>\n\n\n\n<p>Unsere Websites k\u00f6nnen Links zu Websites Dritter enthalten, die nicht in unserem Besitz sind oder von uns kontrolliert werden. Wir sind nicht verantwortlich f\u00fcr die Inhalte oder Dienste von Websites Dritter, auf die von unseren Plattformen aus verwiesen wird. Der Zugriff auf diese Websites erfolgt auf eigene Gefahr.<\/p>\n\n\n\n<p>Bitte beachten Sie, dass jede andere Website, auf die Sie \u00fcber unsere Plattformen zugreifen, unabh\u00e4ngig von uns ist und wir keinen Einfluss auf die Inhalte oder Dienste dieser Websites haben. Wir \u00fcbernehmen keine Verantwortung f\u00fcr den Inhalt oder die Nutzung von Websites Dritter und unterst\u00fctzen diese auch nicht.<\/p>\n\n\n\n<p>Jegliche Bezugnahme auf einen Dritten oder ein Produkt oder eine Dienstleistung eines Dritten auf unseren Plattformen sollte nicht als Billigung oder Unterst\u00fctzung dieses Dritten oder eines von einem Dritten bereitgestellten Produkts oder einer Dienstleistung unsererseits ausgelegt werden.<\/p>\n\n\n\n<h2 class=\"wp-block-heading\">Schiedsgerichtsbarkeit und Klagen<\/h2>\n\n\n\n<p>Diese Allgemeinen Gesch\u00e4ftsbedingungen unterliegen dem Recht der GCC-Staaten. F\u00fcr alle Streitigkeiten, die sich aus oder im Zusammenhang mit diesen Allgemeinen Gesch\u00e4ftsbedingungen ergeben, sind ausschlie\u00dflich die franz\u00f6sischen Gerichte zust\u00e4ndig.<\/p>\n\n\n\n<h2 class=\"wp-block-heading\">Altersbeschr\u00e4nkungen<\/h2>\n\n\n\n<p>Die Sufae-Website richtet sich an Personen ab 18 Jahren. Wenn Sie unter 18 Jahre alt sind, d\u00fcrfen Sie unsere Dienste nur mit Erlaubnis und unter Aufsicht eines Elternteils oder Erziehungsberechtigten nutzen. Wir k\u00f6nnen Minderj\u00e4hrigen den Zugriff auf oder die Nutzung unserer Dienste nicht verbieten. Daher liegt es in der Verantwortung von Eltern, Erziehungsberechtigten oder anderen verantwortlichen Personen, zu entscheiden, welche Inhalte f\u00fcr Minderj\u00e4hrige geeignet sind.<\/p>\n\n\n\n<p>Indem Sie unsere Dienste nutzen oder uns Informationen zur Verf\u00fcgung stellen, best\u00e4tigen Sie, dass Sie in Ihrem Rechtsraum rechtlich in der Lage sind, einen verbindlichen Vertrag abzuschlie\u00dfen (in der Regel 18 Jahre oder \u00e4lter) oder, falls Sie noch nicht vollj\u00e4hrig sind, die ausdr\u00fcckliche Zustimmung Ihrer Eltern oder Erziehungsberechtigten haben. Sie best\u00e4tigen au\u00dferdem, dass alle von Ihnen bereitgestellten Informationen wahrheitsgem\u00e4\u00df und richtig sind.<\/p>\n\n\n\n<p>Wir verlangen, dass alle K\u00e4ufe entweder (i) von nat\u00fcrlichen Personen get\u00e4tigt werden, die rechtlich in der Lage sind, verbindliche Vertr\u00e4ge abzuschlie\u00dfen (im Allgemeinen 18 Jahre oder \u00e4lter), oder (ii) von Minderj\u00e4hrigen mit der ausdr\u00fccklichen Erlaubnis eines Elternteils oder Erziehungsberechtigten.<\/p>\n\n\n\n<h2 class=\"wp-block-heading\">Beendigung der Nutzung<\/h2>\n\n\n\n<p>Wir behalten uns das Recht vor, Ihren Zugriff auf alle oder einen Teil der Sufae-Websites ohne Benachrichtigung zu beenden oder auszusetzen, wenn wir nach eigenem Ermessen der Ansicht sind, dass Ihr Verhalten gegen geltendes Recht verst\u00f6\u00dft, diese Allgemeinen Gesch\u00e4ftsbedingungen verletzt oder den Interessen anderer Nutzer, Partner oder des Unternehmens schadet. Dar\u00fcber hinaus behalten wir uns das Recht vor, Bestellungen von Kunden nach eigenem Ermessen abzulehnen.<\/p>\n\n\n\n<h2 class=\"wp-block-heading\">Produktpreise und Verf\u00fcgbarkeit<\/h2>\n\n\n\n<p>Preise und Verf\u00fcgbarkeit der Produkte auf den Websites von Sufae k\u00f6nnen sich \u00e4ndern. Sollten Fehler auftreten, werden wir diese umgehend nach Entdeckung korrigieren. Trotz unserer Bem\u00fchungen ist es m\u00f6glich, dass einige Produkte mit falschen Preisen aufgef\u00fchrt sind. Wir \u00fcberpr\u00fcfen die Preise grunds\u00e4tzlich vor dem Versand der Produkte. Ist der korrekte Preis niedriger als unser angegebener Preis, berechnen wir den niedrigeren Betrag. Ist der korrekte Preis h\u00f6her als der auf unserer Website angegebene Preis, werden wir Sie entweder f\u00fcr weitere Anweisungen kontaktieren oder Ihre Bestellung ablehnen und Sie benachrichtigen. Wir sind nicht verpflichtet, Produkte zu einem f\u00e4lschlicherweise niedrigeren Preis zu liefern, auch nachdem wir Ihnen eine Auftrags- oder Versandbest\u00e4tigung gesendet haben, sofern der Preisfehler offensichtlich ist und f\u00fcr Sie erkennbar war.<\/p>\n\n\n\n<p>Wenn Sie ein Produkt bestellen, das sp\u00e4ter nicht mehr verf\u00fcgbar ist, k\u00f6nnen wir Ihre Bestellung kostenfrei stornieren. Wir k\u00f6nnen die Produktverf\u00fcgbarkeit nicht garantieren und sind uns bewusst, dass Produkte schnell ausverkauft sein k\u00f6nnen. Wenn Sie eine Versandbest\u00e4tigung f\u00fcr ein nicht verf\u00fcgbares Produkt erhalten, k\u00f6nnen wir unsere Annahme und Ihre Bestellung kostenfrei stornieren.<\/p>\n\n\n\n<h2 class=\"wp-block-heading\">Bestellungen<\/h2>\n\n\n\n<p><strong>Vorbestellungen:<\/strong> Wenn ein Produkt zur Vorbestellung verf\u00fcgbar ist, geben wir den voraussichtlichen Verf\u00fcgbarkeitstermin nach bestem Wissen und Gewissen an. Wir bem\u00fchen uns, diesen Termin einzuhalten. Produktions- und Versandpl\u00e4ne k\u00f6nnen sich jedoch \u00e4ndern, daher passen wir den Termin entsprechend an. Bitte beachten Sie, dass die Zahlung f\u00fcr alle Vorbestellungen sofort nach Ihrer Bestellung bearbeitet wird.<\/p>\n\n\n\n<p><strong>Gro\u00df- oder Mehrfachk\u00e4ufe:<\/strong> Wir behalten uns das Recht vor, Bestellungen nach unserem Ermessen abzulehnen, bei denen wir den Verdacht haben, dass es sich um Gro\u00dfeink\u00e4ufe oder mehrere Einheiten desselben Produkts handelt.<\/p>\n\n\n\n<h2 class=\"wp-block-heading\">Zahlungen<\/h2>\n\n\n\n<p>Mit Ihrer Bestellung erm\u00e4chtigen Sie uns oder unseren externen Zahlungsdienstleister, den Gesamtbetrag Ihrer Bestellung zu bezahlen. F\u00fcr bestimmte Transaktionen werden Sie m\u00f6glicherweise gebeten, uns einen Lichtbildausweis und einen Adressnachweis sowie ein Bild der f\u00fcr die Zahlung verwendeten Karte vorzulegen.<\/p>\n\n\n\n<p>Zur Zahlungsabwicklung m\u00fcssen wir m\u00f6glicherweise ein Konto bei unseren externen Zahlungsdienstleistern f\u00fcr Sie einrichten. Dies kann die Zustimmung zu deren Gesch\u00e4ftsbedingungen und die \u00dcbermittlung Ihrer Daten in Ihrem Namen an diese Dienstleister erfordern. Mit Ihrer Bestellung erkl\u00e4ren Sie sich mit der Einrichtung eines solchen Kontos einverstanden und erkl\u00e4ren sich damit einverstanden, dass wir nicht f\u00fcr etwaige Sch\u00e4den oder Verluste haften.<\/p>\n\n\n\n<h2 class=\"wp-block-heading\">Digital<\/h2>\n\n\n\n<p>Bei allen Produkttiteln mit der Endung \u201eSofortlieferung\u201c ist der Zahlencode (PIN) nach erfolgreicher Bestellung sofort abrufbar.<\/p>\n\n\n\n<p>Um betr\u00fcgerische Transaktionen zu verhindern, haben wir ein t\u00e4gliches Bestelllimit festgelegt. Sollte Ihr Bestellwert dieses Tageslimit \u00fcberschreiten, \u00fcberpr\u00fcfen wir Ihre Zahlung und generieren den Code innerhalb eines Werktages manuell.<\/p>\n\n\n\n<p>Wir garantieren, dass die von Ihnen erhaltene PIN der Beschreibung entspricht und funktioniert. Sollten Sie ein Produkt erhalten, das nicht der Beschreibung entspricht, kontaktieren Sie uns bitte innerhalb von 24 Stunden. Bitte beachten Sie, dass wir f\u00fcr digitale Produkte keine R\u00fcckerstattung oder Umtausch anbieten. Wir vergeben die PIN nur f\u00fcr Zahlungen mit 3-D Secure Kredit- und Debitkarten. Sollte die Zahlung nicht 3-D Secure sein, pr\u00fcfen wir Ihre Zahlung und vergeben die PIN innerhalb eines Werktages manuell.<\/p>\n\n\n\n<h2 class=\"wp-block-heading\">Versand<\/h2>\n\n\n\n<p>Der Begriff \u201eVersand\u201c bezeichnet den Beginn des Versands von Artikeln in einer Bestellung f\u00fcr mehrere K\u00e4ufe oder wenn der gekaufte Artikel aus Elementen besteht, die separat versendet werden m\u00fcssen. Beispielsweise kann Ihre Bestellung Folgendes enthalten:<\/p>\n\n\n\n<ul class=\"wp-block-list\">\n<li>Mehrere verschiedene Artikel,<\/li>\n\n\n\n<li>eine Menge desselben Artikels oder<\/li>\n\n\n\n<li>aus einem einzigen Artikel, der aus mehreren Teilen besteht, deren Gr\u00f6\u00dfe m\u00f6glicherweise den Versand in getrennten Paketen erfordert.<\/li>\n<\/ul>\n\n\n\n<p>Bei allen derartigen Bestellungen bem\u00fchen wir uns, die einzelnen Pakete zusammen zu versenden, damit sie gleichzeitig eintreffen. Sollte dies jedoch nicht m\u00f6glich sein, versenden wir zun\u00e4chst separate Pakete in der Reihenfolge, damit jedes Produkt so schnell wie m\u00f6glich eintrifft. In diesem Fall wird in der Versandbenachrichtigung f\u00fcr Ihre Bestellung angegeben, wann der Versand begonnen hat; dies bedeutet nicht, dass alle Artikel der Bestellung zu diesem Zeitpunkt versandt wurden. Alle versendeten Pakete haben eine separate Sendungsverfolgungsnummer und k\u00f6nnen auf der Seite \u201eBestellstatus\u201c verfolgt werden. Sie erkl\u00e4ren sich damit einverstanden, dass Kredit- und Debitkarten am Bestelldatum und nicht am Versanddatum belastet werden.<\/p>\n\n\n\n<p>Bitte beachten Sie, dass Kredit- und Debitkarten am Bestelldatum und nicht am Versanddatum belastet werden.<\/p>\n\n\n\n<h2 class=\"wp-block-heading\">Haftungsausschluss<\/h2>\n\n\n\n<p>Unsere Plattformen werden \u201ewie besehen\u201c und ohne jegliche ausdr\u00fcckliche oder stillschweigende Gew\u00e4hrleistung bereitgestellt. Wir \u00fcbernehmen keine Gew\u00e4hr daf\u00fcr, dass unsere Plattformen fehlerfrei oder unterbrechungsfrei funktionieren, dass M\u00e4ngel behoben werden oder dass unsere Plattformen oder die Server, die sie bereitstellen, frei von Viren oder anderen sch\u00e4dlichen Komponenten sind. Wir \u00fcbernehmen keine Gew\u00e4hrleistung und keine Zusicherung hinsichtlich der Nutzung oder der Ergebnisse der Nutzung unserer Plattformen hinsichtlich ihrer Richtigkeit, Genauigkeit, Zuverl\u00e4ssigkeit oder sonstiger Aspekte.<\/p>\n\n\n\n<h2 class=\"wp-block-heading\">Entsch\u00e4digung<\/h2>\n\n\n\n<p>Sie erkl\u00e4ren sich damit einverstanden, uns und unsere verbundenen Unternehmen, leitenden Angestellten, Direktoren, Mitarbeiter und Vertreter von allen Anspr\u00fcchen, Klagen oder Forderungen freizustellen und schadlos zu halten, einschlie\u00dflich, aber nicht beschr\u00e4nkt auf angemessene Rechts- und Buchhaltungsgeb\u00fchren, die sich aus Ihrer Nutzung unserer Plattformen oder Ihrer Verletzung dieser Nutzungsbedingungen ergeben.<\/p>","protected":false},"excerpt":{"rendered":"<p>Conditions g\u00e9n\u00e9rales de Sufae.com pour les cartes-cadeaux distribu\u00e9es par Sufae.com et les conditions promotionnelles en ligne. Nous vous recommandons de les lire attentivement avant d&rsquo;utiliser une carte-cadeau ou d&rsquo;effectuer un achat promotionnel. Si vous n&rsquo;acceptez pas ces conditions, n&rsquo;effectuez pas d&rsquo;achat. CARTES-CADEAUX DE D\u00c9TAILLANTS VENDUES \u00c0 DES FINS PROMOTIONNELLES De temps \u00e0 autre, Sufae.com peut proposer des promotions ou des offres sp\u00e9ciales li\u00e9es \u00e0 l&rsquo;achat de cartes-cadeaux de d\u00e9taillants. Les conditions applicables \u00e0 chaque promotion seront affich\u00e9es sur les sites Web \u00e0 proximit\u00e9 de la description de ladite promotion. La date d&rsquo;expiration d&rsquo;une carte-cadeau de d\u00e9taillant est affich\u00e9e sur la carte-cadeau ou au verso de celle-ci, dans votre portefeuille num\u00e9rique. Veuillez vous r\u00e9f\u00e9rer \u00e0 la date d&rsquo;expiration pour vous assurer que vous \u00e9changez votre carte-cadeau dans la p\u00e9riode de validit\u00e9 allou\u00e9e. Sauf indication contraire du d\u00e9taillant concern\u00e9, les cartes-cadeaux des d\u00e9taillants ne peuvent \u00eatre \u00e9chang\u00e9es contre de l&rsquo;argent. Chaque Carte Cadeau achet\u00e9e par vous sera r\u00e9pertori\u00e9e comme une Carte Cadeau distincte. Si vous achetez deux cartes-cadeaux aupr\u00e8s du m\u00eame d\u00e9taillant, votre portefeuille contiendra deux cartes-cadeaux. Sufae.com n&rsquo;est pas responsable en cas de perte, de vol, de destruction ou d&rsquo;utilisation non autoris\u00e9e d&rsquo;une carte cadeau. Sufae.com n&rsquo;est pas responsable si une carte cadeau est rendue impropre \u00e0 l&rsquo;\u00e9change sans que ce soit la faute de Sufae.com. Si vous avez perdu ou \u00e9gar\u00e9 votre carte cadeau et que le solde n&rsquo;a pas \u00e9t\u00e9 d\u00e9pens\u00e9 ou modifi\u00e9 par rapport au montant initial, envoyez-nous un e-mail \u00e0 info@sufae.com, et nous vous enverrons une carte de remplacement \u00e0 condition que la carte cadeau perdue ou \u00e9gar\u00e9e soit enregistr\u00e9e aupr\u00e8s de Sufae.com et que nous puissions confirmer le solde restant utilis\u00e9. CARTES-CADEAUX \u00c9LECTRONIQUES (NUM\u00c9RIQUES) DE SUFAE.COM Vous pouvez \u00e9changer la valeur mon\u00e9taire stock\u00e9e sur les cartes-cadeaux Sufae.com contre des cartes-cadeaux de d\u00e9taillants disponibles sur les sites Web pour le m\u00eame montant mon\u00e9taire. Si vous souhaitez acheter une carte-cadeau de commer\u00e7ant pour une valeur mon\u00e9taire sup\u00e9rieure \u00e0 celle de votre carte-cadeau Sufae.com, vous devrez payer le solde \u00e0 Sufae.com pour finaliser votre achat au moment du paiement. Si vous achetez plusieurs cartes-cadeaux Sufae.com le m\u00eame jour, le montant total que vous chargez sur toutes les cartes ne peut pas d\u00e9passer 500\u20ac. Il n&rsquo;y a pas de frais associ\u00e9s \u00e0 la carte cadeau Sufae.com en format num\u00e9rique, mais si vous d\u00e9cidez d&rsquo;acheter une carte cadeau en format physique, vous devrez payer des frais d&rsquo;\u00e9mission de 4,95\u20ac. Les cartes-cadeaux Sufae.com ont une date d&rsquo;expiration de 36 mois, ce qui permet aux utilisateurs d&rsquo;\u00e9changer les cartes-cadeaux du d\u00e9taillant de leur choix. Une fois que la (les) nouvelle(s) carte(s) cadeau du d\u00e9taillant a (ont) \u00e9t\u00e9 s\u00e9lectionn\u00e9e(s), de nouvelles dates d&rsquo;expiration seront fix\u00e9es et les conditions g\u00e9n\u00e9rales s&rsquo;appliqueront aux cartes cadeau du d\u00e9taillant choisies. Les cartes-cadeaux Sufae.com ne sont pas \u00e9changeables contre de l&rsquo;argent et aucun remboursement ne sera effectu\u00e9 pour les cartes-cadeaux Sufae.com (sauf si la loi l&rsquo;exige). Acceptation de la carte et acceptation des pr\u00e9sentes conditions d&rsquo;utilisation En utilisant la carte, vous acceptez d&rsquo;\u00eatre li\u00e9 par les pr\u00e9sentes conditions g\u00e9n\u00e9rales. Vous devez remettre ces conditions \u00e0 l&rsquo;utilisateur de la carte si ce n&rsquo;est pas vous. La carte reste notre propri\u00e9t\u00e9. Cr\u00e9ation et utilisation du compte Pour utiliser certaines fonctionnalit\u00e9s des services, il peut vous \u00eatre demand\u00e9 de cr\u00e9er un compte et de fournir certaines informations, notamment une adresse \u00e9lectronique valide, un num\u00e9ro de t\u00e9l\u00e9phone portable, etc. Vous vous engagez \u00e0 fournir des informations exactes, \u00e0 jour et compl\u00e8tes et \u00e0 assurer la confidentialit\u00e9 des informations que vous soumettez par l&rsquo;interm\u00e9diaire de \u00ab\u00a0Mon compte\/profil\u00a0\u00bb et des informations d&rsquo;identification de votre compte, ainsi qu&rsquo;\u00e0 restreindre l&rsquo;acc\u00e8s \u00e0 votre appareil afin d&rsquo;\u00e9viter le transfert des informations de votre compte \u00e0 d&rsquo;autres utilisateurs. Vous acceptez d&rsquo;\u00eatre responsable de toutes les activit\u00e9s effectu\u00e9es dans le cadre de \u00ab\u00a0Mon compte\/profil\u00a0\u00bb ou des informations d&rsquo;identification de votre compte. Vous ne pouvez pas utiliser le compte d&rsquo;une autre personne sans son autorisation. Nous nous r\u00e9servons le droit de suspendre ou de r\u00e9silier votre compte, de supprimer ou de modifier le contenu que vous soumettez sur le site ou si nous soup\u00e7onnons une utilisation frauduleuse ou non autoris\u00e9e de votre compte. Contenu Tous les noms, titres, logos et dessins apparaissant sur les sites Web de Sufae ou sur Sufae et identifiant nos produits et marques, y compris tous les caract\u00e8res, titres, logos et dessins d\u00e9riv\u00e9s et apparent\u00e9s, sont des marques d\u00e9pos\u00e9es et la propri\u00e9t\u00e9 unique et exclusive du groupe Sufae. Tous les autres noms, titres, logos et dessins apparaissant sur nos plateformes sont la propri\u00e9t\u00e9 de leurs d\u00e9tenteurs respectifs. L&rsquo;utilisation de toute marque commerciale apparaissant sur les sites web Sufae sans le consentement \u00e9crit expr\u00e8s du propri\u00e9taire de la marque est strictement interdite. Les sites Web de Sufae contiennent \u00e9galement des documents prot\u00e9g\u00e9s par le droit d&rsquo;auteur, des marques et d&rsquo;autres informations exclusives, y compris, mais sans s&rsquo;y limiter, des textes, des photographies, des graphiques, des images, des illustrations, des fichiers audio et vid\u00e9o, ainsi que l&rsquo;ensemble du contenu des plates-formes. Ces \u00e9l\u00e9ments sont prot\u00e9g\u00e9s par le droit d&rsquo;auteur en tant qu&rsquo;\u0153uvre collective et\/ou compilation en vertu des lois du CCG, des conventions internationales et d&rsquo;autres lois sur le droit d&rsquo;auteur. Toute utilisation ou reproduction non autoris\u00e9e de mat\u00e9riel prot\u00e9g\u00e9 par le droit d&rsquo;auteur ou de marques d\u00e9pos\u00e9es sur nos plates-formes est strictement interdite. Utilisation de nos plateformes Vous ne pouvez utiliser nos sites web qu&rsquo;\u00e0 des fins l\u00e9gales et conform\u00e9ment aux pr\u00e9sentes conditions g\u00e9n\u00e9rales. Vous ne pouvez pas utiliser nos plateformes d&rsquo;une mani\u00e8re susceptible d&rsquo;endommager, de d\u00e9sactiver, de surcharger ou d&rsquo;alt\u00e9rer nos serveurs ou r\u00e9seaux, ou d&rsquo;interf\u00e9rer avec l&rsquo;acc\u00e8s de tout autre utilisateur \u00e0 nos plateformes. Vous ne devez pas tenter d&rsquo;obtenir un acc\u00e8s non autoris\u00e9 \u00e0 nos plates-formes ou \u00e0 tout compte, serveur ou r\u00e9seau connect\u00e9 \u00e0 nos plates-formes. Vous acceptez de ne pas utiliser nos plateformes pour harceler, diffamer ou usurper l&rsquo;identit\u00e9 d&rsquo;une personne ou d&rsquo;une entit\u00e9. Liens avec des tiers Nos sites web peuvent contenir des liens vers des sites web de tiers qui ne sont pas d\u00e9tenus ou contr\u00f4l\u00e9s par nous. Nous ne<\/p>","protected":false},"author":1,"featured_media":0,"parent":0,"menu_order":0,"comment_status":"closed","ping_status":"closed","template":"","meta":{"footnotes":""},"class_list":["post-1140","page","type-page","status-publish","hentry"],"_links":{"self":[{"href":"https:\/\/tonicip.com\/de\/wp-json\/wp\/v2\/pages\/1140","targetHints":{"allow":["GET"]}}],"collection":[{"href":"https:\/\/tonicip.com\/de\/wp-json\/wp\/v2\/pages"}],"about":[{"href":"https:\/\/tonicip.com\/de\/wp-json\/wp\/v2\/types\/page"}],"author":[{"embeddable":true,"href":"https:\/\/tonicip.com\/de\/wp-json\/wp\/v2\/users\/1"}],"replies":[{"embeddable":true,"href":"https:\/\/tonicip.com\/de\/wp-json\/wp\/v2\/comments?post=1140"}],"version-history":[{"count":2,"href":"https:\/\/tonicip.com\/de\/wp-json\/wp\/v2\/pages\/1140\/revisions"}],"predecessor-version":[{"id":3239,"href":"https:\/\/tonicip.com\/de\/wp-json\/wp\/v2\/pages\/1140\/revisions\/3239"}],"wp:attachment":[{"href":"https:\/\/tonicip.com\/de\/wp-json\/wp\/v2\/media?parent=1140"}],"curies":[{"name":"wp","href":"https:\/\/api.w.org\/{rel}","templated":true}]}}