{"id":2366,"date":"2023-10-09T02:20:49","date_gmt":"2023-10-09T02:20:49","guid":{"rendered":"https:\/\/sufae.com\/?post_type=product&#038;p=2366"},"modified":"2025-02-18T22:35:30","modified_gmt":"2025-02-18T22:35:30","slug":"itunes-15-france","status":"publish","type":"product","link":"https:\/\/tonicip.com\/de\/carte-cadeau\/itunes-15-france\/","title":{"rendered":"iTunes 15 \u20ac (Frankreich)"},"content":{"rendered":"<p>Eine Karte \u2013 Millionen M\u00f6glichkeiten, sie zu nutzen. Nutzen Sie die App Store &amp; iTunes Geschenkkarte, um Apps, Spiele, Musik, Filme und Serien zu kaufen. Erh\u00e4ltlich in verschiedenen Werten, k\u00f6nnen Sie sie f\u00fcr In-App-Inhalte, B\u00fccher, Serienabonnements oder sogar iCloud-Speicher nutzen, um Dateien auf all Ihren Apple-Ger\u00e4ten zu sichern.<\/p>","protected":false},"excerpt":{"rendered":"<ul>\n<li>Erhalten Sie Ihren Code sofort nach dem Kauf<\/li>\n<li>Nur f\u00fcr Frankreich-Konten verwendbar<\/li>\n<\/ul>","protected":false},"featured_media":1500,"comment_status":"open","ping_status":"closed","template":"","meta":[],"product_brand":[],"product_cat":[113,116],"product_tag":[],"class_list":{"0":"post-2366","1":"product","2":"type-product","3":"status-publish","4":"has-post-thumbnail","6":"product_cat-cartes-cadeaux","7":"product_cat-itunes","9":"first","10":"instock","11":"shipping-taxable","12":"purchasable","13":"product-type-simple"},"_links":{"self":[{"href":"https:\/\/tonicip.com\/de\/wp-json\/wp\/v2\/product\/2366","targetHints":{"allow":["GET"]}}],"collection":[{"href":"https:\/\/tonicip.com\/de\/wp-json\/wp\/v2\/product"}],"about":[{"href":"https:\/\/tonicip.com\/de\/wp-json\/wp\/v2\/types\/product"}],"replies":[{"embeddable":true,"href":"https:\/\/tonicip.com\/de\/wp-json\/wp\/v2\/comments?post=2366"}],"wp:featuredmedia":[{"embeddable":true,"href":"https:\/\/tonicip.com\/de\/wp-json\/wp\/v2\/media\/1500"}],"wp:attachment":[{"href":"https:\/\/tonicip.com\/de\/wp-json\/wp\/v2\/media?parent=2366"}],"wp:term":[{"taxonomy":"product_brand","embeddable":true,"href":"https:\/\/tonicip.com\/de\/wp-json\/wp\/v2\/product_brand?post=2366"},{"taxonomy":"product_cat","embeddable":true,"href":"https:\/\/tonicip.com\/de\/wp-json\/wp\/v2\/product_cat?post=2366"},{"taxonomy":"product_tag","embeddable":true,"href":"https:\/\/tonicip.com\/de\/wp-json\/wp\/v2\/product_tag?post=2366"}],"curies":[{"name":"wp","href":"https:\/\/api.w.org\/{rel}","templated":true}]}}