{"id":9527,"date":"2024-10-29T18:54:43","date_gmt":"2024-10-29T18:54:43","guid":{"rendered":"https:\/\/tonicip.com\/?post_type=product&#038;p=9527"},"modified":"2024-10-29T18:55:37","modified_gmt":"2024-10-29T18:55:37","slug":"12m-3ecrans","status":"publish","type":"product","link":"https:\/\/tonicip.com\/de\/carte-cadeau\/12m-3ecrans\/","title":{"rendered":"12 Mio. 3 Bildschirme"},"content":{"rendered":"<h2>Bitte lesen Sie die Informationen sorgf\u00e4ltig durch, bevor Sie dem Kauf zustimmen<\/h2>\n<p>Die Google Play-Geschenkkarte <strong>DE<\/strong> gilt nur f\u00fcr in Frankreich registrierte IP-Adressen.<\/p>\n<ul>\n<li>Registrierung des Google-Kontos, des Google-Gaming-Kontos\/der Google-Gaming-App und der Einl\u00f6sungs-IP-Adresse <strong>MUSS<\/strong> durchgef\u00fchrt werden <strong>Frankreich<\/strong>.<\/li>\n<li>Aufgrund der Regionssperre und strenger Richtlinien erkennt Google w\u00e4hrend des Austauschs die Kontoregistrierung, die Kontoeinstellungen, das Spielkonto\/die App und die IP-Adresse.<\/li>\n<li>Google sendet dem Nutzer eine Fehlermeldung, wenn der Code au\u00dferhalb des eingel\u00f6st wird <strong>Frankreich<\/strong>.<\/li>\n<li>Benutzer k\u00f6nnen keine Gegenst\u00e4nde im Spiel kaufen, selbst wenn der Umtausch erfolgreich ist, wenn die Registrierung des Spielkontos au\u00dferhalb erfolgt <strong>Frankreich<\/strong>.<\/li>\n<\/ul>\n<h2>So l\u00f6sen Sie eine Google Play-Geschenkkarte ein<\/h2>\n<p><strong>Verwendung von Android-Mobilger\u00e4ten<\/strong><\/p>\n<ol>\n<li>\u00d6ffnen Sie die Google Play Store-App.<\/li>\n<li>Tippen Sie auf das Men\u00fcsymbol in der oberen linken Ecke.<\/li>\n<li>Tippen Sie im Men\u00fc auf \u201eEinl\u00f6sen\u201c.<\/li>\n<li>Geben Sie Ihren Code zum Einl\u00f6sen ein.<\/li>\n<\/ol>\n<p><strong>Verwendung des Webbrowsers<\/strong><\/p>\n<ol>\n<li>Gehe zu <a href=\"https:\/\/play.google.com\/redeem\" target=\"_blank\" rel=\"noopener\">play.google.com\/redeem<\/a>.<\/li>\n<li>Geben Sie Ihren Code ein, um ihn einzul\u00f6sen.<\/li>\n<\/ol>","protected":false},"excerpt":{"rendered":"<ul>\n<li>Erhalten Sie Ihren Code sofort nach dem Kauf<\/li>\n<li>Nur f\u00fcr FR-Konten verwendbar<\/li>\n<\/ul>\n<p>Um diese Google Play-Geschenkkarte nutzen zu k\u00f6nnen, muss der Empf\u00e4nger \u00fcber ein Google Play FR-Konto verf\u00fcgen oder ein solches er\u00f6ffnen. Kaufen Sie damit Millionen von B\u00fcchern, Liedern, Filmen, Apps und mehr im Google Play Store. Einl\u00f6sbar im Internet oder auf Android-Ger\u00e4ten.<\/p>","protected":false},"featured_media":1498,"comment_status":"open","ping_status":"closed","template":"","meta":[],"product_brand":[],"product_cat":[114],"product_tag":[],"class_list":{"0":"post-9527","1":"product","2":"type-product","3":"status-publish","4":"has-post-thumbnail","6":"product_cat-service-premium","8":"first","9":"instock","10":"virtual","11":"purchasable","12":"product-type-simple"},"_links":{"self":[{"href":"https:\/\/tonicip.com\/de\/wp-json\/wp\/v2\/product\/9527","targetHints":{"allow":["GET"]}}],"collection":[{"href":"https:\/\/tonicip.com\/de\/wp-json\/wp\/v2\/product"}],"about":[{"href":"https:\/\/tonicip.com\/de\/wp-json\/wp\/v2\/types\/product"}],"replies":[{"embeddable":true,"href":"https:\/\/tonicip.com\/de\/wp-json\/wp\/v2\/comments?post=9527"}],"wp:featuredmedia":[{"embeddable":true,"href":"https:\/\/tonicip.com\/de\/wp-json\/wp\/v2\/media\/1498"}],"wp:attachment":[{"href":"https:\/\/tonicip.com\/de\/wp-json\/wp\/v2\/media?parent=9527"}],"wp:term":[{"taxonomy":"product_brand","embeddable":true,"href":"https:\/\/tonicip.com\/de\/wp-json\/wp\/v2\/product_brand?post=9527"},{"taxonomy":"product_cat","embeddable":true,"href":"https:\/\/tonicip.com\/de\/wp-json\/wp\/v2\/product_cat?post=9527"},{"taxonomy":"product_tag","embeddable":true,"href":"https:\/\/tonicip.com\/de\/wp-json\/wp\/v2\/product_tag?post=9527"}],"curies":[{"name":"wp","href":"https:\/\/api.w.org\/{rel}","templated":true}]}}