{"id":1097,"date":"2023-10-09T23:44:22","date_gmt":"2023-10-09T23:44:22","guid":{"rendered":"https:\/\/sufae.com\/?page_id=1097"},"modified":"2023-10-09T23:56:25","modified_gmt":"2023-10-09T23:56:25","slug":"politique-de-confidentialite","status":"publish","type":"page","link":"https:\/\/tonicip.com\/en\/politique-de-confidentialite\/","title":{"rendered":"Privacy Policy"},"content":{"rendered":"<p>Sufae, trading as Sufae.com, is the owner, operator and publisher of this website (Sufae.com). This Privacy Policy applies to Sufae and all entities related to it (referred to in this policy as \u201cwe\u201d, \u201cus\u201d, \u201cour\u201d).<\/p>\n\n\n\n<p>Sufae is committed to protecting and respecting your privacy.<\/p>\n\n\n\n<p>This policy, together with our terms of use and any other documents referred to in it, explains how and why we collect, manage, use and store personal information. Personal information is any information or opinion about an identified or reasonably identifiable person, whether the information or opinion is true or not, and whether the information or opinion is recorded in a material form or not.<\/p>\n\n\n\n<p>Please read the following carefully to understand our practices regarding your personal information. By using our website or mobile applications or providing us with your personal information, you consent to the collection, use, disclosure and storage of your personal information in accordance with this policy.<\/p>\n\n\n\n<p>We reserve the right to modify this Privacy Policy from time to time by posting the revised Privacy Policy on our website. We encourage you to review this page for the most current version of the policy.<\/p>\n\n\n\n<h2 class=\"wp-block-heading\">What information do we collect from you and why?<\/h2>\n\n\n\n<ul class=\"wp-block-list\">\n<li>Your contact details such as name, email address, phone number<\/li>\n\n\n\n<li>transaction details, including billing address, transaction patterns and behavior, payment method and payment amount;<\/li>\n\n\n\n<li>Your marketing and communications preferences;<\/li>\n\n\n\n<li>Comments, images and hashtags you post on our social media posts;<\/li>\n\n\n\n<li>Technical information about your browser and device;<\/li>\n\n\n\n<li>Details about how you use our websites, your browser and device;<\/li>\n\n\n\n<li>Details of how you use our websites; and<\/li>\n\n\n\n<li>Details of any feedback, requests or complaints received from you.<\/li>\n<\/ul>\n\n\n\n<p>In some cases, we will collect your information for specific purposes that we will communicate to you at the time of collection. If you choose not to provide your personal information, it may limit our ability to contact you or undertake certain activities on your behalf.<\/p>\n\n\n\n<h2 class=\"wp-block-heading\">How is information collected and stored?<\/h2>\n\n\n\n<p>Information is collected from you when you:<\/p>\n\n\n\n<ul class=\"wp-block-list\">\n<li>subscribe to our website<\/li>\n\n\n\n<li>register and use your gift card<\/li>\n\n\n\n<li>complete forms on our website;<\/li>\n\n\n\n<li>subscribe to our newsletter or marketing materials<\/li>\n\n\n\n<li>purchase products or services from us<\/li>\n\n\n\n<li>engage with us on social media;<\/li>\n\n\n\n<li>enter a contest or promotion<\/li>\n\n\n\n<li>respond to a survey<\/li>\n\n\n\n<li>ask us for a service; or<\/li>\n\n\n\n<li>contact us through the website, in store, by phone or by email.<\/li>\n<\/ul>\n\n\n\n<h2 class=\"wp-block-heading\">Who do we disclose personal information to?<\/h2>\n\n\n\n<p>We may disclose your personal information to third parties to achieve the purposes listed above, for example:<\/p>\n\n\n\n<ul class=\"wp-block-list\">\n<li>retail partners;<\/li>\n\n\n\n<li>the listeners;<\/li>\n\n\n\n<li>entrepreneurs;<\/li>\n\n\n\n<li>financial institutions;<\/li>\n\n\n\n<li>logistics and freight service providers;<\/li>\n\n\n\n<li>fraud prevention service providers;<\/li>\n\n\n\n<li>payment processing services;<\/li>\n\n\n\n<li>website and data hosting services;<\/li>\n\n\n\n<li>other service providers; and<\/li>\n\n\n\n<li>persons to whom we are required to disclose information under applicable laws and regulations in France or elsewhere.<\/li>\n<\/ul>\n\n\n\n<p>We use Shopify to operate our online stores. You can learn more about how Shopify uses your personal information here: https:\/\/www.shopify.com\/legal\/privacy. We may also share your information with the operators of our social media platforms. We may also disclose your personal information to our related entities due to sharing of resources, systems, and processes. We will not sell personal information to third parties. We may also disclose your personal information to third parties if required or permitted by law, or if you consent to it. We require all third parties to whom we disclose your personal information to treat it in accordance with the law, our instructions, and the purpose for which the information was collected from you, or as permitted by law or as you consent to it.<\/p>\n\n\n\n<p>When we process personal information on behalf of our customers or partners, we process and share your personal information with that entity in accordance with their instructions. This may include, for example, enabling our customers to reconcile transactions on gift cards you have used, in accordance with our customer\u2019s company spending policies. In this case, the customer or partner is the \u201ccontroller\u201d of your personal information and Sufae is the \u201cprocessor\u201d of your personal information. When we process personal information on behalf of a \u201ccontroller,\u201d that \u201ccontroller\u2019s\u201d privacy notice will apply in lieu of this Privacy Policy. In some circumstances, sufae may operate a site jointly with another entity and both entities will operate as \u201ccontrollers\u201d of your personal information. In this case, you will see both this Privacy Policy and the other entity\u2019s privacy policy, and both will apply to the activities of each \u201ccontroller\u201d individually.<\/p>\n\n\n\n<h2 class=\"wp-block-heading\">Data transfers<\/h2>\n\n\n\n<p>We may store your personal information on servers located in Australia and any other territory we deem appropriate from time to time. We may also transfer your data to any person referred to in paragraph 3 above, who may be located in France or abroad.<\/p>\n\n\n\n<h2 class=\"wp-block-heading\">How do we protect personal information?<\/h2>\n\n\n\n<p>We take reasonable precautions to protect your personal information from misuse, interference and unauthorized disclosure. All information you provide to us is stored on our secure servers. Where we have given you (or where you have chosen) a password which enables you to access certain parts of our website, you are responsible for keeping this password confidential. We recommend that you update your password from time to time and that you do not disclose it to anyone. All information is protected by our IT security processes (including firewalls and password-protected servers), secure document storage and confidentiality agreements. All data entered through the website is securely stored and transmitted via Secure Sockets Layer (SSL) technology. This encryption protocol automatically scrambles information such as credit card, billing and address data so that unauthorized recipients are generally unable to decipher this information, ensuring confidentiality and security. Although we take all reasonable steps to protect personal information, the transmission of information via the internet is not completely secure. Although we will do our best to protect your personal information, we cannot guarantee the security of your data transmitted to or through our website, any transmission is at your own risk. We exclude all liability for the consequences of any unauthorized access, use or disclosure of personal information.<\/p>\n\n\n\n<h2 class=\"wp-block-heading\">How can you access, update, correct, object to its use or request its deletion?<\/h2>\n\n\n\n<p>If you would like to access, review, correct or update your personal information that we hold, you may do so at any time by visiting your account on our website. You may also contact us using the contact details provided in the \u201cContact Us\u201d section below. You may object to the processing of your personal information or request restriction of processing of your personal information in certain circumstances.<br>To do so, please contact us using the contact information provided in the \u201cContact Us\u201d section below. You may unsubscribe from receiving electronic communications at any time by clicking on the \u201cunsubscribe\u201d link in an email you have received from us, or by contacting us directly using the \u201cContact Us\u201d information below. You may request deletion or removal of your personal information in certain circumstances. If you request, we will delete your personal information to the extent technically feasible.<br>If you wish to request deletion of the personal information we hold, please contact us using the details set out in the \u201cContact Us\u201d section below. We may need to request information from you as a security measure to confirm your identity before we act on any request to process your personal information in any of the ways set out above. Generally, there is no cost associated with a request under this section. However, if your request is repetitive or excessive, we may charge a reasonable fee for processing the request.<\/p>\n\n\n\n<h2 class=\"wp-block-heading\">How long do we keep your personal information?<\/h2>\n\n\n\n<p>We will only retain your personal information for as long as necessary to fulfil the purposes we collected it for, including for the purposes of satisfying any legal, accounting, or reporting requirements. We may anonymize your personal information so that it can be used for analytics purposes without being able to identify you.<\/p>\n\n\n\n<h2 class=\"wp-block-heading\">Third Party Links<\/h2>\n\n\n\n<p>Where links to third parties are included on the Website, please note that this policy does not apply to third party websites and that we do not control these websites. If you visit a third party site, we recommend that you familiarise yourself with the applicable privacy policy.<\/p>\n\n\n\n<h2 class=\"wp-block-heading\">Cookies<\/h2>\n\n\n\n<p>Our website uses cookies to distinguish you from other users of our website. This helps us to provide you with a good experience when you browse our website and also allows us to improve our website. By continuing to browse the website, you agree to our use of cookies. A cookie is a small file of letters and numbers that we store on your browser or the hard drive of your computer. Cookies contain information that is transferred to your computer&#039;s hard drive.<br>We use the following cookies: Strictly necessary cookies \u2013 these are cookies that are required for the operation of our website. They include, for example, cookies that enable you to log into secure areas of our website, use a shopping cart or e-billing services.<br>Third party cookies \u2013 third parties (including, for example, advertising networks and providers of external services like web traffic analysis services) may also use cookies, over which we have no control. These cookies may be analytical\/performance cookies or targeting cookies.<br>Third Party Analytics \u2013 We may use third party web analytics services on the Website. The vendors that operate these services use technologies such as cookies, web server logs, and web beacons to help us analyze how visitors use the Website. The information collected through these means (including IP address) is disclosed to these service providers who use the information to evaluate the use of the Website. These analytics services may use the collected data to contextualize and personalize the marketing materials of their own advertising network.<\/p>\n\n\n\n<h2 class=\"wp-block-heading\">Google Analytics<\/h2>\n\n\n\n<p>Google Analytics is a web analytics service provided by Google Inc. (Google). The use and sharing of information collected by Google Analytics is governed by Google&#039;s policies: http:\/\/www.google.com\/policies\/privacy\/partners\/<br>You can prevent the collection and processing of data by Google by using the Google Ads Settings page or by downloading and installing their browser add-on (https:\/\/tools.google.com\/dlpage\/gaoptout). You can block cookies by activating the settings on your browser that allow you to refuse the setting of all or some cookies. However, if you use your browser settings to block all cookies (including essential cookies) you may not be able to access all or parts of our site.<\/p>\n\n\n\n<h2 class=\"wp-block-heading\">The children<\/h2>\n\n\n\n<p>We are committed to protecting the privacy of children. Children under the age of 15 are prohibited from using the Website. We will not knowingly collect information from children under the age of 15 or knowingly send information to children under the age of 15. If a child wishes to use or make a purchase from the Website, he or she must do so under the supervision of a parent or legal guardian who will be responsible for the child&#039;s use of the Website and any financial liability resulting from such use or orders placed.<br>If you become aware that we have received information from a child under 15, please notify us at the \u201cContact Us\u201d details below so that we may remove and delete the information.<\/p>\n\n\n\n<h2 class=\"wp-block-heading\">Contact us<\/h2>\n\n\n\n<p>If you wish to contact us for any reason regarding personal information or this policy, you may do so by email at info@sufae.com.<\/p>","protected":false},"excerpt":{"rendered":"<p>Sufae, qui op\u00e8re sous le nom de Sufae.com, est le propri\u00e9taire, l&rsquo;op\u00e9rateur et l&rsquo;\u00e9diteur de ce site web (Sufae.com). Cette politique de confidentialit\u00e9 s&rsquo;applique \u00e0 Sufae et \u00e0 toutes les entit\u00e9s qui lui sont li\u00e9es (d\u00e9sign\u00e9es dans cette politique par \u00ab\u00a0nous\u00a0\u00bb, \u00ab\u00a0notre\u00a0\u00bb, \u00ab\u00a0nos\u00a0\u00bb). Sufae s&rsquo;engage \u00e0 prot\u00e9ger et \u00e0 respecter votre vie priv\u00e9e. La pr\u00e9sente politique, ainsi que nos conditions d&rsquo;utilisation et tous les autres documents auxquels elles font r\u00e9f\u00e9rence, expliquent comment et pourquoi nous collectons, g\u00e9rons, utilisons et stockons des informations personnelles. Une information personnelle est une information ou une opinion concernant une personne identifi\u00e9e ou une personne raisonnablement identifiable, que l&rsquo;information ou l&rsquo;opinion soit vraie ou non, et que l&rsquo;information ou l&rsquo;opinion soit enregistr\u00e9e sous une forme mat\u00e9rielle ou non. Veuillez lire attentivement ce qui suit pour comprendre nos pratiques concernant vos informations personnelles. En utilisant notre site web ou nos applications mobiles ou en nous fournissant vos informations personnelles, vous consentez \u00e0 la collecte, \u00e0 l&rsquo;utilisation, \u00e0 la divulgation et au stockage de vos informations personnelles conform\u00e9ment \u00e0 la pr\u00e9sente politique. Nous nous r\u00e9servons le droit de modifier la pr\u00e9sente politique de confidentialit\u00e9 de temps \u00e0 autre en publiant la version r\u00e9vis\u00e9e de la politique de confidentialit\u00e9 sur notre site web. Nous vous encourageons \u00e0 consulter cette page pour obtenir la version la plus r\u00e9cente de la politique. Quelles sont les informations que nous recueillons aupr\u00e8s de vous et pourquoi? Dans certains cas, nous collecterons vos informations \u00e0 des fins sp\u00e9cifiques que nous vous communiquerons au moment de la collecte. Si vous choisissez de ne pas fournir vos informations personnelles, cela peut limiter notre capacit\u00e9 \u00e0 vous contacter ou \u00e0 entreprendre certaines activit\u00e9s pour vous. Comment les informations sont-elles collect\u00e9es et conserv\u00e9es? Des informations sont collect\u00e9es aupr\u00e8s de vous lorsque vous: \u00c0 qui divulguons-nous des informations personnelles? Nous pouvons divulguer vos informations personnelles \u00e0 des tiers pour atteindre les objectifs \u00e9num\u00e9r\u00e9s ci-dessus, par exemple : Nous utilisons Shopify pour g\u00e9rer nos boutiques en ligne. Vous pouvez en savoir plus sur la fa\u00e7on dont Shopify utilise vos informations personnelles ici : https:\/\/www.shopify.com\/legal\/privacy. Nous pouvons \u00e9galement partager vos informations avec les op\u00e9rateurs de nos plateformes de m\u00e9dias sociaux. Nous pouvons \u00e9galement divulguer vos informations personnelles \u00e0 nos entit\u00e9s li\u00e9es en raison du partage des ressources, des syst\u00e8mes et des processus. Nous ne vendrons pas d&rsquo;informations personnelles \u00e0 des tiers. Nous pouvons \u00e9galement divulguer vos informations personnelles \u00e0 des tiers si la loi l&rsquo;exige ou l&rsquo;autorise, ou si vous y consentez. Nous exigeons de tous les tiers auxquels nous divulguons vos informations personnelles qu&rsquo;ils les traitent conform\u00e9ment \u00e0 la loi, \u00e0 nos instructions et \u00e0 l&rsquo;objectif pour lequel les informations ont \u00e9t\u00e9 collect\u00e9es aupr\u00e8s de vous, ou comme l&rsquo;autorise la loi ou comme vous y avez consenti. Lorsque nous traitons des informations personnelles au nom de nos clients ou partenaires, nous traitons et partageons vos informations personnelles avec cette entit\u00e9 conform\u00e9ment \u00e0 ses instructions. Il peut s&rsquo;agir, par exemple, de permettre \u00e0 nos clients de rapprocher les transactions sur les cartes-cadeaux que vous avez utilis\u00e9es, conform\u00e9ment aux politiques de d\u00e9penses de l&rsquo;entreprise de notre client. Dans ce cas, le client ou le partenaire est le \u00a0\u00bb contr\u00f4leur \u00a0\u00bb de vos informations personnelles et Sufae est le \u00a0\u00bb processeur \u00a0\u00bb de vos informations personnelles. Lorsque nous traitons des informations personnelles pour le compte d&rsquo;un \u00ab\u00a0contr\u00f4leur\u00a0\u00bb, l&rsquo;avis de confidentialit\u00e9 de ce \u00ab\u00a0contr\u00f4leur\u00a0\u00bb s&rsquo;applique en lieu et place de la pr\u00e9sente politique de confidentialit\u00e9. Dans certaines circonstances, sufae peut exploiter un site conjointement avec une autre entit\u00e9 et les deux entit\u00e9s fonctionneront en tant que \u00ab\u00a0contr\u00f4leurs\u00a0\u00bb de vos informations personnelles. Dans ce cas, vous verrez \u00e0 la fois la pr\u00e9sente politique de confidentialit\u00e9 et la politique de confidentialit\u00e9 de l&rsquo;autre entit\u00e9, et les deux s&rsquo;appliqueront aux activit\u00e9s de chaque \u00ab\u00a0contr\u00f4leur\u00a0\u00bb individuellement. Transferts de donn\u00e9es Nous pouvons conserver vos informations personnelles sur des serveurs situ\u00e9s en Australie et dans tout autre territoire que nous jugeons appropri\u00e9 de temps \u00e0 autre. Nous pouvons \u00e9galement transf\u00e9rer vos donn\u00e9es \u00e0 toute personne mentionn\u00e9e au paragraphe 3 ci-dessus, qui peut \u00eatre situ\u00e9e en France ou \u00e0 l&rsquo;\u00e9tranger. Comment prot\u00e9geons-nous les informations personnelles? Nous prenons des pr\u00e9cautions raisonnables pour prot\u00e9ger vos informations personnelles contre les abus, les interf\u00e9rences et les divulgations non autoris\u00e9es. Toutes les informations que vous nous fournissez sont stock\u00e9es sur nos serveurs s\u00e9curis\u00e9s. Lorsque nous vous avons donn\u00e9 (ou lorsque vous avez choisi) un mot de passe qui vous permet d&rsquo;acc\u00e9der \u00e0 certaines parties de notre site web, vous \u00eates responsable de la confidentialit\u00e9 de ce mot de passe. Nous vous recommandons de mettre \u00e0 jour votre mot de passe de temps \u00e0 autre et de ne le communiquer \u00e0 personne. Toutes les informations sont prot\u00e9g\u00e9es par nos processus de s\u00e9curit\u00e9 informatique (y compris les pare-feu et les serveurs prot\u00e9g\u00e9s par mot de passe), le stockage s\u00e9curis\u00e9 des documents et les accords de confidentialit\u00e9. Toutes les donn\u00e9es saisies via le site web sont stock\u00e9es en toute s\u00e9curit\u00e9 et transmises via la technologie Secure Sockets Layer (SSL). Ce protocole de cryptage brouille automatiquement les informations telles que les donn\u00e9es relatives aux cartes de cr\u00e9dit, \u00e0 la facturation et \u00e0 l&rsquo;adresse, de sorte que les destinataires non autoris\u00e9s ne peuvent g\u00e9n\u00e9ralement pas d\u00e9chiffrer ces informations, ce qui garantit la confidentialit\u00e9 et la s\u00e9curit\u00e9. Bien que nous prenions toutes les mesures raisonnables pour prot\u00e9ger les informations personnelles, la transmission d&rsquo;informations via l&rsquo;internet n&rsquo;est pas totalement s\u00fbre. Bien que nous fassions de notre mieux pour prot\u00e9ger vos informations personnelles, nous ne pouvons pas garantir la s\u00e9curit\u00e9 de vos donn\u00e9es transmises \u00e0 ou via notre site web, toute transmission se fait \u00e0 vos propres risques. Nous excluons toute responsabilit\u00e9 quant aux cons\u00e9quences d&rsquo;un acc\u00e8s, d&rsquo;une utilisation ou d&rsquo;une divulgation non autoris\u00e9s d&rsquo;informations personnelles. Comment pouvez-vous acc\u00e9der \u00e0 vos informations personnelles, les mettre \u00e0 jour, les corriger, vous opposer \u00e0 leur utilisation ou demander leur suppression ? Si vous souhaitez acc\u00e9der \u00e0 vos informations personnelles que nous d\u00e9tenons, les consulter, les corriger ou les mettre \u00e0 jour, vous pouvez le faire<\/p>","protected":false},"author":1,"featured_media":0,"parent":0,"menu_order":0,"comment_status":"closed","ping_status":"closed","template":"","meta":{"footnotes":""},"class_list":["post-1097","page","type-page","status-publish","hentry"],"_links":{"self":[{"href":"https:\/\/tonicip.com\/en\/wp-json\/wp\/v2\/pages\/1097","targetHints":{"allow":["GET"]}}],"collection":[{"href":"https:\/\/tonicip.com\/en\/wp-json\/wp\/v2\/pages"}],"about":[{"href":"https:\/\/tonicip.com\/en\/wp-json\/wp\/v2\/types\/page"}],"author":[{"embeddable":true,"href":"https:\/\/tonicip.com\/en\/wp-json\/wp\/v2\/users\/1"}],"replies":[{"embeddable":true,"href":"https:\/\/tonicip.com\/en\/wp-json\/wp\/v2\/comments?post=1097"}],"version-history":[{"count":3,"href":"https:\/\/tonicip.com\/en\/wp-json\/wp\/v2\/pages\/1097\/revisions"}],"predecessor-version":[{"id":3237,"href":"https:\/\/tonicip.com\/en\/wp-json\/wp\/v2\/pages\/1097\/revisions\/3237"}],"wp:attachment":[{"href":"https:\/\/tonicip.com\/en\/wp-json\/wp\/v2\/media?parent=1097"}],"curies":[{"name":"wp","href":"https:\/\/api.w.org\/{rel}","templated":true}]}}