{"id":1989,"date":"2023-10-08T23:35:33","date_gmt":"2023-10-08T23:35:33","guid":{"rendered":"https:\/\/sufae.com\/?post_type=product&#038;p=1989"},"modified":"2025-09-07T23:27:08","modified_gmt":"2025-09-07T23:27:08","slug":"1m","status":"publish","type":"product","link":"https:\/\/tonicip.com\/es\/carte-cadeau\/1m\/","title":{"rendered":"1M"},"content":{"rendered":"<h2>Por favor, lea atentamente antes de aceptar la compra.<\/h2>\n<p>La tarjeta de regalo de Google Play <strong>FR<\/strong> S\u00f3lo es v\u00e1lido para direcciones IP registradas en Francia.<\/p>\n<ul>\n<li>Direcci\u00f3n IP de registro y canje de cuenta de Google, cuenta de juego\/aplicaci\u00f3n de Google <strong>DEBE<\/strong> llevarse a cabo en <strong>Francia<\/strong>.<\/li>\n<li>Debido al bloqueo regional y a una pol\u00edtica estricta, Google detectar\u00e1 el registro de la cuenta, la configuraci\u00f3n de la cuenta, la cuenta\/aplicaci\u00f3n del juego y la direcci\u00f3n IP durante el canje.<\/li>\n<li>Google enviar\u00e1 un mensaje de error al usuario si el c\u00f3digo se canjea fuera del <strong>Francia<\/strong>.<\/li>\n<li>Los usuarios no pueden comprar art\u00edculos del juego, incluso si el intercambio es exitoso, si el registro de la cuenta del juego se realiza fuera del juego. <strong>Francia<\/strong>.<\/li>\n<\/ul>\n<h2>C\u00f3mo canjear una tarjeta de regalo de Google Play<\/h2>\n<p><strong>Uso de dispositivos m\u00f3viles Android<\/strong><\/p>\n<ol>\n<li>Abra la aplicaci\u00f3n Google Play Store.<\/li>\n<li>Toque el \u00edcono Men\u00fa en la esquina superior izquierda.<\/li>\n<li>Toque Canjear en el men\u00fa.<\/li>\n<li>Introduzca su c\u00f3digo para canjear.<\/li>\n<\/ol>\n<p><strong>Usando el navegador web<\/strong><\/p>\n<ol>\n<li>Ir a <a href=\"https:\/\/play.google.com\/redeem\" target=\"_blank\" rel=\"noopener\">play.google.com\/redeem<\/a>.<\/li>\n<li>Introduce tu c\u00f3digo para canjearlo.<\/li>\n<\/ol>","protected":false},"excerpt":{"rendered":"<ul>\n<li>Obt\u00e9n tu c\u00f3digo inmediatamente despu\u00e9s de la compra<\/li>\n<li>Solo utilizable para cuentas FR<\/li>\n<\/ul>\n<p>El destinatario debe tener o abrir una cuenta de Google Play FR para canjear esta tarjeta de regalo de Google Play. \u00dasala para comprar millones de libros, canciones, pel\u00edculas, aplicaciones y m\u00e1s en Google Play Store. Canjeable en la web o en dispositivos Android.<\/p>","protected":false},"featured_media":1498,"comment_status":"open","ping_status":"closed","template":"","meta":[],"product_brand":[],"product_cat":[114],"product_tag":[],"class_list":{"0":"post-1989","1":"product","2":"type-product","3":"status-publish","4":"has-post-thumbnail","6":"product_cat-service-premium","8":"first","9":"instock","10":"virtual","11":"purchasable","12":"product-type-simple"},"_links":{"self":[{"href":"https:\/\/tonicip.com\/es\/wp-json\/wp\/v2\/product\/1989","targetHints":{"allow":["GET"]}}],"collection":[{"href":"https:\/\/tonicip.com\/es\/wp-json\/wp\/v2\/product"}],"about":[{"href":"https:\/\/tonicip.com\/es\/wp-json\/wp\/v2\/types\/product"}],"replies":[{"embeddable":true,"href":"https:\/\/tonicip.com\/es\/wp-json\/wp\/v2\/comments?post=1989"}],"wp:featuredmedia":[{"embeddable":true,"href":"https:\/\/tonicip.com\/es\/wp-json\/wp\/v2\/media\/1498"}],"wp:attachment":[{"href":"https:\/\/tonicip.com\/es\/wp-json\/wp\/v2\/media?parent=1989"}],"wp:term":[{"taxonomy":"product_brand","embeddable":true,"href":"https:\/\/tonicip.com\/es\/wp-json\/wp\/v2\/product_brand?post=1989"},{"taxonomy":"product_cat","embeddable":true,"href":"https:\/\/tonicip.com\/es\/wp-json\/wp\/v2\/product_cat?post=1989"},{"taxonomy":"product_tag","embeddable":true,"href":"https:\/\/tonicip.com\/es\/wp-json\/wp\/v2\/product_tag?post=1989"}],"curies":[{"name":"wp","href":"https:\/\/api.w.org\/{rel}","templated":true}]}}