{"id":1140,"date":"2023-10-10T00:18:13","date_gmt":"2023-10-10T00:18:13","guid":{"rendered":"https:\/\/sufae.com\/?page_id=1140"},"modified":"2023-10-10T00:18:13","modified_gmt":"2023-10-10T00:18:13","slug":"termes-et-conditions","status":"publish","type":"page","link":"https:\/\/tonicip.com\/nl\/termes-et-conditions\/","title":{"rendered":"Algemene voorwaarden"},"content":{"rendered":"<p>Algemene voorwaarden van Sufae.com voor cadeaubonnen die door Sufae.com worden gedistribueerd en online promotievoorwaarden.<\/p>\n\n\n\n<p>Wij raden u aan deze voorwaarden zorgvuldig te lezen voordat u een cadeaubon gebruikt of een promotionele aankoop doet. Als u niet akkoord gaat met deze voorwaarden, dient u geen aankoop te doen.<\/p>\n\n\n\n<h2 class=\"wp-block-heading\">CADEAUBONNEN VAN DE DETAILHANDELAARS WORDEN VERKOCHT VOOR PROMOTIONELE DOELEINDEN<\/h2>\n\n\n\n<p>Sufae.com kan van tijd tot tijd promoties of speciale aanbiedingen aanbieden met betrekking tot de aankoop van cadeaubonnen van retailers. De voorwaarden die van toepassing zijn op elke promotie worden op de websites naast de beschrijving van de promotie geplaatst.<\/p>\n\n\n\n<p>De vervaldatum van een cadeaubon staat vermeld op de cadeaubon zelf of op de achterkant van de bon in uw digitale portemonnee. Houd de vervaldatum in de gaten om er zeker van te zijn dat u uw cadeaubon binnen de toegestane geldigheidsperiode inwisselt.<\/p>\n\n\n\n<p>Tenzij anders vermeld door de betreffende verkoper, kunnen cadeaubonnen van verkopers niet worden ingewisseld voor contant geld.<\/p>\n\n\n\n<p>Elke cadeaukaart die u koopt, wordt als aparte cadeaukaart vermeld. Als u twee cadeaukaarten bij dezelfde winkel koopt, bevat uw portemonnee twee cadeaukaarten.<\/p>\n\n\n\n<p>Sufae.com is niet verantwoordelijk voor verlies, diefstal, vernietiging of ongeoorloofd gebruik van een cadeaubon. Sufae.com is niet verantwoordelijk als een cadeaubon onbruikbaar wordt zonder dat Sufae.com daar schuld aan heeft. Als u uw cadeaubon kwijt bent of kwijt bent en het saldo niet is besteed of gewijzigd ten opzichte van het oorspronkelijke bedrag, stuur ons dan een e-mail op info@sufae.com. Wij sturen u dan een vervangende kaart, mits de verloren of kwijtgeraakte cadeaubon geregistreerd staat bij Sufae.com en wij het resterende saldo kunnen bevestigen.<\/p>\n\n\n\n<h2 class=\"wp-block-heading\">SUFAE.COM ELEKTRONISCHE (DIGITALE) CADEAUKAARTEN<\/h2>\n\n\n\n<p>U kunt de waarde van de Sufae.com-cadeaubonnen inwisselen voor cadeaubonnen van andere winkels die op de websites beschikbaar zijn voor hetzelfde bedrag. Als u een cadeaubon van een winkelier wilt kopen met een hogere waarde dan uw Sufae.com-cadeaubon, dient u het resterende bedrag aan Sufae.com te betalen om uw aankoop bij het afrekenen te voltooien.<\/p>\n\n\n\n<p>Als u op dezelfde dag meerdere Sufae.com-cadeaubonnen koopt, mag het totale bedrag dat u op alle kaarten laadt niet hoger zijn dan \u20ac 500.<\/p>\n\n\n\n<p>Er zijn geen kosten verbonden aan de digitale cadeaubon van Sufae.com, maar als u besluit een fysieke cadeaubon te kopen, betaalt u wel een uitgiftevergoeding van \u20ac 4,95.<\/p>\n\n\n\n<p>Sufae.com-cadeaubonnen hebben een vervaldatum van 36 maanden, waardoor gebruikers ze kunnen inwisselen bij de winkel van hun keuze. Zodra de nieuwe cadeaubon(nen) van de winkel zijn geselecteerd, worden er nieuwe vervaldata ingesteld en zijn de algemene voorwaarden van toepassing op de geselecteerde cadeaubonnen. Sufae.com-cadeaubonnen kunnen niet worden ingewisseld voor contant geld en er wordt geen restitutie verleend voor Sufae.com-cadeaubonnen (behalve indien wettelijk vereist).<\/p>\n\n\n\n<h2 class=\"wp-block-heading\">Acceptatie van de kaart en acceptatie van deze gebruiksvoorwaarden<\/h2>\n\n\n\n<p>Door de kaart te gebruiken, gaat u akkoord met deze algemene voorwaarden. U dient deze voorwaarden aan de kaarthouder te overhandigen indien u dit niet bent. De kaart blijft ons eigendom.<\/p>\n\n\n\n<h2 class=\"wp-block-heading\">Aanmaken en gebruiken van het account<\/h2>\n\n\n\n<p>Om bepaalde functies van de Diensten te gebruiken, moet u mogelijk een account aanmaken en bepaalde informatie verstrekken, waaronder een geldig e-mailadres, mobiel telefoonnummer, enz. U stemt ermee in om nauwkeurige, actuele en volledige informatie te verstrekken en de vertrouwelijkheid te handhaven van de informatie die u via &quot;Mijn Account\/Profiel&quot; en uw accountgegevens verstrekt, en om de toegang tot uw apparaat te beperken om te voorkomen dat uw accountgegevens aan andere gebruikers worden overgedragen. U stemt ermee in verantwoordelijk te zijn voor alle activiteiten die plaatsvinden via &quot;Mijn Account\/Profiel&quot; of uw accountgegevens. U mag het account van iemand anders niet gebruiken zonder diens toestemming. Wij behouden ons het recht voor om uw account op te schorten of te be\u00ebindigen, inhoud die u op de Site plaatst te verwijderen of te bewerken, of als wij frauduleus of ongeautoriseerd gebruik van uw account vermoeden.<\/p>\n\n\n\n<h2 class=\"wp-block-heading\">Inhoud<\/h2>\n\n\n\n<p>Alle namen, titels, logo&#039;s en ontwerpen die op de websites van Sufae of op Sufae verschijnen en die onze producten en merken identificeren, inclusief alle afgeleide en gerelateerde personages, titels, logo&#039;s en ontwerpen, zijn handelsmerken en het exclusieve eigendom van de Sufae Group. Alle andere namen, titels, logo&#039;s en ontwerpen die op onze platforms verschijnen, zijn eigendom van hun respectievelijke eigenaren.<\/p>\n\n\n\n<p>Het is ten strengste verboden om een handelsmerk dat op de websites van Sufae voorkomt, te gebruiken zonder de uitdrukkelijke schriftelijke toestemming van de eigenaar van het handelsmerk.<\/p>\n\n\n\n<p>Sufae-websites bevatten ook auteursrechtelijk beschermd materiaal, handelsmerken en andere bedrijfseigen informatie, waaronder, maar niet beperkt tot, tekst, foto&#039;s, grafieken, afbeeldingen, illustraties, audio- en videobestanden en alle content op de platforms. Deze materialen zijn auteursrechtelijk beschermd als collectief werk en\/of compilatie onder de GCC-wetgeving, internationale verdragen en andere auteursrechtwetten. Elk ongeoorloofd gebruik of reproductie van auteursrechtelijk beschermd materiaal of handelsmerken op onze platforms is ten strengste verboden.<\/p>\n\n\n\n<h2 class=\"wp-block-heading\">Gebruik van onze platformen<\/h2>\n\n\n\n<p>U mag onze websites uitsluitend gebruiken voor rechtmatige doeleinden en in overeenstemming met deze algemene voorwaarden. U mag onze platforms niet gebruiken op een manier die onze servers of netwerken zou kunnen beschadigen, uitschakelen, overbelasten of aantasten, of de toegang van andere gebruikers tot onze platforms zou kunnen verstoren. U mag niet proberen ongeautoriseerde toegang te verkrijgen tot onze platforms of tot accounts, servers of netwerken die met onze platforms zijn verbonden. U stemt ermee in onze platforms niet te gebruiken om een persoon of entiteit te intimideren, te belasteren of zich voor te doen als een persoon of entiteit.<\/p>\n\n\n\n<h2 class=\"wp-block-heading\">Links naar derden<\/h2>\n\n\n\n<p>Onze websites kunnen links bevatten naar websites van derden die niet door ons worden beheerd of beheerd. Wij zijn niet verantwoordelijk voor de inhoud of diensten van websites van derden die naar onze platforms linken, en u bezoekt deze op eigen risico.<\/p>\n\n\n\n<p>Houd er rekening mee dat elke andere website die u via onze platforms bezoekt, onafhankelijk van ons is en dat wij geen controle hebben over de inhoud of diensten die door die website worden aangeboden. Wij onderschrijven de inhoud of het gebruik van websites van derden niet en aanvaarden hiervoor geen enkele verantwoordelijkheid.<\/p>\n\n\n\n<p>Verwijzingen naar een derde partij of een product of dienst van een derde partij op onze platforms mogen niet worden opgevat als een aanbeveling of ondersteuning door ons van die derde partij of van een door een derde partij aangeboden product of dienst.<\/p>\n\n\n\n<h2 class=\"wp-block-heading\">Arbitrage en rechtsvordering<\/h2>\n\n\n\n<p>Deze voorwaarden worden ge\u00efnterpreteerd en beheerst door de wetten van de GCC-landen. De Franse rechtbanken zijn exclusief bevoegd voor alle geschillen die voortvloeien uit of verband houden met deze voorwaarden.<\/p>\n\n\n\n<h2 class=\"wp-block-heading\">Leeftijdsbeperkingen<\/h2>\n\n\n\n<p>De Sufae-website is bedoeld voor personen van 18 jaar en ouder. Als u jonger bent dan 18 jaar, mag u onze Diensten alleen gebruiken met toestemming en toezicht van een ouder of wettelijke voogd. We kunnen minderjarigen niet beletten onze Diensten te gebruiken. Het is daarom de verantwoordelijkheid van ouders, voogden of andere verantwoordelijke personen om te bepalen welk materiaal geschikt is om te bekijken, te gebruiken en\/of te kopen door minderjarigen.<\/p>\n\n\n\n<p>Door gebruik te maken van onze diensten of door ons informatie te verstrekken, verklaart u dat u wettelijk bevoegd bent om een bindende overeenkomst aan te gaan in uw rechtsgebied (doorgaans 18 jaar of ouder) of, indien u jonger bent dan de wettelijke leeftijd voor toestemming, dat u de uitdrukkelijke toestemming van uw ouder of voogd heeft. U verklaart tevens dat alle informatie die u aan ons verstrekt, juist en correct is.<\/p>\n\n\n\n<p>Wij eisen dat alle aankopen worden gedaan (i) door personen die wettelijk bekwaam zijn om bindende contracten aan te gaan (over het algemeen zijn zij 18 jaar of ouder), of (ii) door minderjarigen met de uitdrukkelijke toestemming van een ouder of wettelijke voogd.<\/p>\n\n\n\n<h2 class=\"wp-block-heading\">Be\u00ebindiging van gebruik<\/h2>\n\n\n\n<p>Wij behouden ons het recht voor om uw toegang tot de Sufae-websites, geheel of gedeeltelijk, zonder voorafgaande kennisgeving te be\u00ebindigen of op te schorten indien wij, naar eigen goeddunken, van mening zijn dat uw gedrag in strijd is met toepasselijke wetgeving, deze Algemene Voorwaarden schendt of schadelijk is voor de belangen van andere gebruikers, partners of het bedrijf. Daarnaast behouden wij ons het recht voor om naar eigen goeddunken een bestelling van een klant te weigeren.<\/p>\n\n\n\n<h2 class=\"wp-block-heading\">Productprijzen en beschikbaarheid<\/h2>\n\n\n\n<p>De prijzen en beschikbaarheid van producten op de websites van Sufae zijn onderhevig aan verandering. Mochten er fouten optreden, dan zullen we deze zo snel mogelijk corrigeren. Ondanks onze inspanningen is het mogelijk dat sommige producten onjuist geprijsd zijn. We controleren de prijzen doorgaans voordat we het product verzenden. Als de juiste prijs lager is dan de vermelde prijs, brengen we het lagere bedrag in rekening. Als de juiste prijs hoger is dan de prijs die op onze website vermeld staat, nemen we contact met u op voor verdere instructies of weigeren we uw bestelling en stellen we u hiervan op de hoogte. We zijn niet verplicht om producten tegen een onjuist lagere prijs te leveren, zelfs niet nadat we u een order- of verzendbevestiging hebben gestuurd, indien de prijsfout duidelijk is en door u herkend had kunnen worden.<\/p>\n\n\n\n<p>Als u een bestelling plaatst voor een product dat vervolgens niet meer leverbaar is, kunnen wij uw bestelling kosteloos annuleren. We kunnen de beschikbaarheid van het product niet garanderen en erkennen dat producten snel uitverkocht kunnen zijn. Als u een verzendbevestiging ontvangt voor een niet meer leverbaar product, kunnen wij onze acceptatie en uw bestelling kosteloos annuleren.<\/p>\n\n\n\n<h2 class=\"wp-block-heading\">Bestellingen<\/h2>\n\n\n\n<p><strong>Voorbestellingen:<\/strong> Wanneer een product beschikbaar is voor pre-order, geven we onze beste schatting van de verwachte beschikbaarheidsdatum. We doen er alles aan om deze beschikbaarheidsdatum te halen. Productie- en verzendschema&#039;s kunnen echter wijzigen en we zullen de datum dienovereenkomstig aanpassen. Houd er rekening mee dat de betaling voor alle pre-orderartikelen direct na het plaatsen van uw bestelling wordt verwerkt.<\/p>\n\n\n\n<p><strong>Grote of meerdere aankopen:<\/strong> Wij behouden ons het recht voor om bestellingen te weigeren waarvan wij vermoeden dat het om grote hoeveelheden of meerdere eenheden van hetzelfde product gaat, naar eigen goeddunken.<\/p>\n\n\n\n<h2 class=\"wp-block-heading\">Betalingen<\/h2>\n\n\n\n<p>Door een bestelling te plaatsen, machtigt u ons of onze externe betalingsdienstaanbieder om uw betaling voor het totale bedrag van uw bestelling te verwerken. Voor bepaalde transacties kan u worden gevraagd om een foto-identificatie en adresbewijs te overleggen, evenals een afbeelding van de kaart waarmee de betaling is verricht.<\/p>\n\n\n\n<p>Om betalingen te verwerken, moeten we mogelijk een account voor u aanmaken bij onze externe betalingsverwerkers. Dit kan betekenen dat u akkoord moet gaan met hun algemene voorwaarden en namens u uw gegevens aan hen moet verstrekken. Door een bestelling te plaatsen, stemt u ermee in dat wij een dergelijk account aanmaken en gaat u ermee akkoord dat wij niet aansprakelijk zijn voor eventuele schade of verliezen die u lijdt.<\/p>\n\n\n\n<h2 class=\"wp-block-heading\">Digitaal<\/h2>\n\n\n\n<p>De numerieke code (PIN) is direct toegankelijk na het succesvol plaatsen van een bestelling voor alle producttitels die eindigen op \u201cDirect geleverd\u201d.<\/p>\n\n\n\n<p>Om frauduleuze transacties te voorkomen, hebben we een dagelijkse limiet ingesteld voor het orderbedrag. Als uw orderbedrag de dagelijkse limiet overschrijdt, controleren we uw betaling en genereren we de code handmatig binnen \u00e9\u00e9n werkdag.<\/p>\n\n\n\n<p>Wij garanderen dat de pincode die u ontvangt overeenkomt met de beschrijving en naar behoren functioneert. Als u een product ontvangt dat niet aan de beschrijving voldoet, neem dan binnen 24 uur contact met ons op. Houd er rekening mee dat wij geen restitutie of omruiling van digitale producten aanbieden. Wij verstrekken de pincode alleen voor betalingen met 3-D Secure creditcards en betaalpassen. Als de betaling niet 3-D Secure is, controleren wij uw betaling en verstrekken wij de pincode handmatig binnen \u00e9\u00e9n werkdag.<\/p>\n\n\n\n<h2 class=\"wp-block-heading\">Verzending<\/h2>\n\n\n\n<p>De term &quot;verzending&quot; betekent het begin van de verzending van artikelen in een bestelling voor meerdere aankopen of wanneer het gekochte artikel bestaat uit onderdelen die afzonderlijk moeten worden verzonden. Uw bestelling kan bijvoorbeeld het volgende bevatten:<\/p>\n\n\n\n<ul class=\"wp-block-list\">\n<li>Verschillende artikelen,<\/li>\n\n\n\n<li>een hoeveelheid van hetzelfde artikel, of<\/li>\n\n\n\n<li>van een enkel artikel dat uit meerdere onderdelen bestaat en waarvan de omvang het noodzakelijk kan maken dat ze in afzonderlijke pakketten worden verzonden.<\/li>\n<\/ul>\n\n\n\n<p>Voor al deze bestellingen streven we ernaar om de individuele pakketten samen te verzenden, zodat ze gelijktijdig aankomen. Indien dit echter niet mogelijk is, beginnen we met het verzenden van afzonderlijke dozen in de juiste volgorde, zodat elk product zo snel mogelijk aankomt. In dit geval geeft de verzendbevestiging voor uw bestelling aan wanneer de verzending is gestart; dit betekent niet dat alle artikelen in de bestelling op dat moment zijn verzonden. Alle verzonden pakketten hebben een apart trackingnummer en kunnen worden gevolgd op de pagina Orderstatus. U gaat ermee akkoord dat creditcards en betaalpassen worden belast op de besteldatum, niet op de verzenddatum.<\/p>\n\n\n\n<p>Houd er rekening mee dat de kosten voor creditcards en betaalpassen worden berekend op de besteldatum en niet op de verzenddatum.<\/p>\n\n\n\n<h2 class=\"wp-block-heading\">Vrijwaring<\/h2>\n\n\n\n<p>Onze Platforms worden geleverd &quot;zoals ze zijn&quot; en zonder enige vorm van garantie, expliciet of impliciet. Wij garanderen niet dat onze Platforms foutloos of ononderbroken zullen zijn, dat defecten zullen worden verholpen of dat onze Platforms of de servers die ze beschikbaar stellen vrij zijn van virussen of andere schadelijke componenten. Wij geven geen garanties en doen geen uitspraken over het gebruik of de resultaten van het gebruik van onze Platforms met betrekking tot hun juistheid, nauwkeurigheid, betrouwbaarheid of anderszins.<\/p>\n\n\n\n<h2 class=\"wp-block-heading\">Compensatie<\/h2>\n\n\n\n<p>U stemt ermee in om ons en onze filialen, functionarissen, directeuren, werknemers en agenten te verdedigen, schadeloos te stellen en te vrijwaren tegen alle claims, acties of eisen, waaronder, maar niet beperkt tot, redelijke juridische en boekhoudkundige kosten, die voortvloeien uit uw gebruik van onze Platforms of uw schending van deze Gebruiksvoorwaarden.<\/p>","protected":false},"excerpt":{"rendered":"<p>Conditions g\u00e9n\u00e9rales de Sufae.com pour les cartes-cadeaux distribu\u00e9es par Sufae.com et les conditions promotionnelles en ligne. Nous vous recommandons de les lire attentivement avant d&rsquo;utiliser une carte-cadeau ou d&rsquo;effectuer un achat promotionnel. Si vous n&rsquo;acceptez pas ces conditions, n&rsquo;effectuez pas d&rsquo;achat. CARTES-CADEAUX DE D\u00c9TAILLANTS VENDUES \u00c0 DES FINS PROMOTIONNELLES De temps \u00e0 autre, Sufae.com peut proposer des promotions ou des offres sp\u00e9ciales li\u00e9es \u00e0 l&rsquo;achat de cartes-cadeaux de d\u00e9taillants. Les conditions applicables \u00e0 chaque promotion seront affich\u00e9es sur les sites Web \u00e0 proximit\u00e9 de la description de ladite promotion. La date d&rsquo;expiration d&rsquo;une carte-cadeau de d\u00e9taillant est affich\u00e9e sur la carte-cadeau ou au verso de celle-ci, dans votre portefeuille num\u00e9rique. Veuillez vous r\u00e9f\u00e9rer \u00e0 la date d&rsquo;expiration pour vous assurer que vous \u00e9changez votre carte-cadeau dans la p\u00e9riode de validit\u00e9 allou\u00e9e. Sauf indication contraire du d\u00e9taillant concern\u00e9, les cartes-cadeaux des d\u00e9taillants ne peuvent \u00eatre \u00e9chang\u00e9es contre de l&rsquo;argent. Chaque Carte Cadeau achet\u00e9e par vous sera r\u00e9pertori\u00e9e comme une Carte Cadeau distincte. Si vous achetez deux cartes-cadeaux aupr\u00e8s du m\u00eame d\u00e9taillant, votre portefeuille contiendra deux cartes-cadeaux. Sufae.com n&rsquo;est pas responsable en cas de perte, de vol, de destruction ou d&rsquo;utilisation non autoris\u00e9e d&rsquo;une carte cadeau. Sufae.com n&rsquo;est pas responsable si une carte cadeau est rendue impropre \u00e0 l&rsquo;\u00e9change sans que ce soit la faute de Sufae.com. Si vous avez perdu ou \u00e9gar\u00e9 votre carte cadeau et que le solde n&rsquo;a pas \u00e9t\u00e9 d\u00e9pens\u00e9 ou modifi\u00e9 par rapport au montant initial, envoyez-nous un e-mail \u00e0 info@sufae.com, et nous vous enverrons une carte de remplacement \u00e0 condition que la carte cadeau perdue ou \u00e9gar\u00e9e soit enregistr\u00e9e aupr\u00e8s de Sufae.com et que nous puissions confirmer le solde restant utilis\u00e9. CARTES-CADEAUX \u00c9LECTRONIQUES (NUM\u00c9RIQUES) DE SUFAE.COM Vous pouvez \u00e9changer la valeur mon\u00e9taire stock\u00e9e sur les cartes-cadeaux Sufae.com contre des cartes-cadeaux de d\u00e9taillants disponibles sur les sites Web pour le m\u00eame montant mon\u00e9taire. Si vous souhaitez acheter une carte-cadeau de commer\u00e7ant pour une valeur mon\u00e9taire sup\u00e9rieure \u00e0 celle de votre carte-cadeau Sufae.com, vous devrez payer le solde \u00e0 Sufae.com pour finaliser votre achat au moment du paiement. Si vous achetez plusieurs cartes-cadeaux Sufae.com le m\u00eame jour, le montant total que vous chargez sur toutes les cartes ne peut pas d\u00e9passer 500\u20ac. Il n&rsquo;y a pas de frais associ\u00e9s \u00e0 la carte cadeau Sufae.com en format num\u00e9rique, mais si vous d\u00e9cidez d&rsquo;acheter une carte cadeau en format physique, vous devrez payer des frais d&rsquo;\u00e9mission de 4,95\u20ac. Les cartes-cadeaux Sufae.com ont une date d&rsquo;expiration de 36 mois, ce qui permet aux utilisateurs d&rsquo;\u00e9changer les cartes-cadeaux du d\u00e9taillant de leur choix. Une fois que la (les) nouvelle(s) carte(s) cadeau du d\u00e9taillant a (ont) \u00e9t\u00e9 s\u00e9lectionn\u00e9e(s), de nouvelles dates d&rsquo;expiration seront fix\u00e9es et les conditions g\u00e9n\u00e9rales s&rsquo;appliqueront aux cartes cadeau du d\u00e9taillant choisies. Les cartes-cadeaux Sufae.com ne sont pas \u00e9changeables contre de l&rsquo;argent et aucun remboursement ne sera effectu\u00e9 pour les cartes-cadeaux Sufae.com (sauf si la loi l&rsquo;exige). Acceptation de la carte et acceptation des pr\u00e9sentes conditions d&rsquo;utilisation En utilisant la carte, vous acceptez d&rsquo;\u00eatre li\u00e9 par les pr\u00e9sentes conditions g\u00e9n\u00e9rales. Vous devez remettre ces conditions \u00e0 l&rsquo;utilisateur de la carte si ce n&rsquo;est pas vous. La carte reste notre propri\u00e9t\u00e9. Cr\u00e9ation et utilisation du compte Pour utiliser certaines fonctionnalit\u00e9s des services, il peut vous \u00eatre demand\u00e9 de cr\u00e9er un compte et de fournir certaines informations, notamment une adresse \u00e9lectronique valide, un num\u00e9ro de t\u00e9l\u00e9phone portable, etc. Vous vous engagez \u00e0 fournir des informations exactes, \u00e0 jour et compl\u00e8tes et \u00e0 assurer la confidentialit\u00e9 des informations que vous soumettez par l&rsquo;interm\u00e9diaire de \u00ab\u00a0Mon compte\/profil\u00a0\u00bb et des informations d&rsquo;identification de votre compte, ainsi qu&rsquo;\u00e0 restreindre l&rsquo;acc\u00e8s \u00e0 votre appareil afin d&rsquo;\u00e9viter le transfert des informations de votre compte \u00e0 d&rsquo;autres utilisateurs. Vous acceptez d&rsquo;\u00eatre responsable de toutes les activit\u00e9s effectu\u00e9es dans le cadre de \u00ab\u00a0Mon compte\/profil\u00a0\u00bb ou des informations d&rsquo;identification de votre compte. Vous ne pouvez pas utiliser le compte d&rsquo;une autre personne sans son autorisation. Nous nous r\u00e9servons le droit de suspendre ou de r\u00e9silier votre compte, de supprimer ou de modifier le contenu que vous soumettez sur le site ou si nous soup\u00e7onnons une utilisation frauduleuse ou non autoris\u00e9e de votre compte. Contenu Tous les noms, titres, logos et dessins apparaissant sur les sites Web de Sufae ou sur Sufae et identifiant nos produits et marques, y compris tous les caract\u00e8res, titres, logos et dessins d\u00e9riv\u00e9s et apparent\u00e9s, sont des marques d\u00e9pos\u00e9es et la propri\u00e9t\u00e9 unique et exclusive du groupe Sufae. Tous les autres noms, titres, logos et dessins apparaissant sur nos plateformes sont la propri\u00e9t\u00e9 de leurs d\u00e9tenteurs respectifs. L&rsquo;utilisation de toute marque commerciale apparaissant sur les sites web Sufae sans le consentement \u00e9crit expr\u00e8s du propri\u00e9taire de la marque est strictement interdite. Les sites Web de Sufae contiennent \u00e9galement des documents prot\u00e9g\u00e9s par le droit d&rsquo;auteur, des marques et d&rsquo;autres informations exclusives, y compris, mais sans s&rsquo;y limiter, des textes, des photographies, des graphiques, des images, des illustrations, des fichiers audio et vid\u00e9o, ainsi que l&rsquo;ensemble du contenu des plates-formes. Ces \u00e9l\u00e9ments sont prot\u00e9g\u00e9s par le droit d&rsquo;auteur en tant qu&rsquo;\u0153uvre collective et\/ou compilation en vertu des lois du CCG, des conventions internationales et d&rsquo;autres lois sur le droit d&rsquo;auteur. Toute utilisation ou reproduction non autoris\u00e9e de mat\u00e9riel prot\u00e9g\u00e9 par le droit d&rsquo;auteur ou de marques d\u00e9pos\u00e9es sur nos plates-formes est strictement interdite. Utilisation de nos plateformes Vous ne pouvez utiliser nos sites web qu&rsquo;\u00e0 des fins l\u00e9gales et conform\u00e9ment aux pr\u00e9sentes conditions g\u00e9n\u00e9rales. Vous ne pouvez pas utiliser nos plateformes d&rsquo;une mani\u00e8re susceptible d&rsquo;endommager, de d\u00e9sactiver, de surcharger ou d&rsquo;alt\u00e9rer nos serveurs ou r\u00e9seaux, ou d&rsquo;interf\u00e9rer avec l&rsquo;acc\u00e8s de tout autre utilisateur \u00e0 nos plateformes. Vous ne devez pas tenter d&rsquo;obtenir un acc\u00e8s non autoris\u00e9 \u00e0 nos plates-formes ou \u00e0 tout compte, serveur ou r\u00e9seau connect\u00e9 \u00e0 nos plates-formes. Vous acceptez de ne pas utiliser nos plateformes pour harceler, diffamer ou usurper l&rsquo;identit\u00e9 d&rsquo;une personne ou d&rsquo;une entit\u00e9. Liens avec des tiers Nos sites web peuvent contenir des liens vers des sites web de tiers qui ne sont pas d\u00e9tenus ou contr\u00f4l\u00e9s par nous. Nous ne<\/p>","protected":false},"author":1,"featured_media":0,"parent":0,"menu_order":0,"comment_status":"closed","ping_status":"closed","template":"","meta":{"footnotes":""},"class_list":["post-1140","page","type-page","status-publish","hentry"],"_links":{"self":[{"href":"https:\/\/tonicip.com\/nl\/wp-json\/wp\/v2\/pages\/1140","targetHints":{"allow":["GET"]}}],"collection":[{"href":"https:\/\/tonicip.com\/nl\/wp-json\/wp\/v2\/pages"}],"about":[{"href":"https:\/\/tonicip.com\/nl\/wp-json\/wp\/v2\/types\/page"}],"author":[{"embeddable":true,"href":"https:\/\/tonicip.com\/nl\/wp-json\/wp\/v2\/users\/1"}],"replies":[{"embeddable":true,"href":"https:\/\/tonicip.com\/nl\/wp-json\/wp\/v2\/comments?post=1140"}],"version-history":[{"count":2,"href":"https:\/\/tonicip.com\/nl\/wp-json\/wp\/v2\/pages\/1140\/revisions"}],"predecessor-version":[{"id":3239,"href":"https:\/\/tonicip.com\/nl\/wp-json\/wp\/v2\/pages\/1140\/revisions\/3239"}],"wp:attachment":[{"href":"https:\/\/tonicip.com\/nl\/wp-json\/wp\/v2\/media?parent=1140"}],"curies":[{"name":"wp","href":"https:\/\/api.w.org\/{rel}","templated":true}]}}